{"id":386,"date":"2022-08-08T11:47:17","date_gmt":"2022-08-08T09:47:17","guid":{"rendered":"http:\/autoinstalator\/wordpress\/biuro-mk.eu\/?page_id=386"},"modified":"2024-01-21T18:47:14","modified_gmt":"2024-01-21T17:47:14","slug":"uslugi-ksiegowe","status":"publish","type":"page","link":"https:\/\/biuro-mk.eu\/?page_id=386","title":{"rendered":"US\u0141UGI KSI\u0118GOWE"},"content":{"rendered":"\n<h2 class=\"wp-block-heading\">US\u0141UGI KSI\u0118GOWE<\/h2>\n\n\n\n<div class=\"wp-block-media-text has-media-on-the-right is-stacked-on-mobile\"><div class=\"wp-block-media-text__content\">\n<p>W Biurze Rachunkowym \u201eMK\u201d prowadzimy wszystkie rodzaje ewidencji rachunkowej i podatkowej:<\/p>\n\n\n\n<p>\u2013 ksi\u0119gi rachunkowe<br>\u2013 podatkow\u0105 ksi\u0105\u017ck\u0119 przychod\u00f3w i rozchod\u00f3w<br>\u2013 ewidencj\u0119 przychod\u00f3w<br>\u2013 ewidencj\u0119 \u015brodk\u00f3w trwa\u0142ych oraz warto\u015bci niematerialnych i prawnych zar\u00f3wno w uj\u0119ciu bilansowym, jak i podatkowym oraz ewidencj\u0119 wyposa\u017cenia<br>\u2013 ewidencj\u0119 sprzeda\u017cy i zakup\u00f3w na potrzeby podatku VAT<\/p>\n\n\n\n<p>Sporz\u0105dzamy:<\/p>\n\n\n\n<p>\u2013 sprawozdania finansowe oraz skonsolidowane sprawozdania finansowe<br>\u2013 dokumentacj\u0119 na potrzeby i zgodnie z wymogami zewn\u0119trznych instytucji finansowych<br>\u2013 sprawozdania statystyczne dla GUS<br>\u2013 deklaracje podatkowe PIT, CIT, VAT, VAT-UE, (miesi\u0119czne, kwartalne, roczne)<br>\u2013 dokumentacj\u0119 cen transferowych<br>\u2013 dodatkowe raporty analityczne w formie i cz\u0119stotliwo\u015bci okre\u015blonej przez klienta<\/p>\n<\/div><figure class=\"wp-block-media-text__media\"><img loading=\"lazy\" decoding=\"async\" width=\"277\" height=\"434\" src=\"https:\/\/biuro-mk.eu\/wp-content\/uploads\/2020\/06\/Uslugi_ksiegowe.png\" alt=\"\" class=\"wp-image-116 size-full\" srcset=\"https:\/\/biuro-mk.eu\/wp-content\/uploads\/2020\/06\/Uslugi_ksiegowe.png 277w, https:\/\/biuro-mk.eu\/wp-content\/uploads\/2020\/06\/Uslugi_ksiegowe-191x300.png 191w\" sizes=\"auto, (max-width: 277px) 100vw, 277px\" \/><\/figure><\/div>\n\n\n\n<p>Dodatkowo:<\/p>\n\n\n\n<p>\u2013 reprezentujemy przed organami kontroli skarbowej oraz po\u015bredniczymy w kontaktach z instytucjami finansowymi<br>\u2013 kontrolujemy otrzymane dokumenty pod wzgl\u0119dem merytorycznym oraz formalnym<br>\u2013 kontrolujemy rozrachunki z kontrahentami<br>\u2013 wystawiamy rachunki oraz faktury sprzeda\u017cy<br>\u2013 przygotowujemy przelewy z tytu\u0142u zobowi\u0105za\u0144 publiczno-prawnych<br>\u2013 prowadzimy ewidencj\u0119 na potrzeby rozliczania projekt\u00f3w unijnych<br>\u2013 pomagamy w przygotowaniu deklaracji INTRASTAT<br>\u2013 pomagamy w przygotowaniu Informacji o naliczaniu op\u0142at za korzystanie ze \u015brodowiska<br>\u2013 przygotowujemy deklaracj\u0119 VAT-VZM dotycz\u0105c\u0105 zwrotu podatku VAT od materia\u0142\u00f3w budowlanych<\/p>\n","protected":false},"excerpt":{"rendered":"<p>US\u0141UGI KSI\u0118GOWE W Biurze Rachunkowym \u201eMK\u201d prowadzimy wszystkie rodzaje ewidencji rachunkowej i podatkowej: \u2013 ksi\u0119gi rachunkowe\u2013 podatkow\u0105 ksi\u0105\u017ck\u0119 przychod\u00f3w i rozchod\u00f3w\u2013 ewidencj\u0119 przychod\u00f3w\u2013 ewidencj\u0119 \u015brodk\u00f3w trwa\u0142ych oraz warto\u015bci niematerialnych i &#8230;<\/p>\n","protected":false},"author":1,"featured_media":0,"parent":0,"menu_order":0,"comment_status":"closed","ping_status":"closed","template":"","meta":{"footnotes":""},"class_list":["post-386","page","type-page","status-publish","hentry"],"_links":{"self":[{"href":"https:\/\/biuro-mk.eu\/index.php?rest_route=\/wp\/v2\/pages\/386","targetHints":{"allow":["GET"]}}],"collection":[{"href":"https:\/\/biuro-mk.eu\/index.php?rest_route=\/wp\/v2\/pages"}],"about":[{"href":"https:\/\/biuro-mk.eu\/index.php?rest_route=\/wp\/v2\/types\/page"}],"author":[{"embeddable":true,"href":"https:\/\/biuro-mk.eu\/index.php?rest_route=\/wp\/v2\/users\/1"}],"replies":[{"embeddable":true,"href":"https:\/\/biuro-mk.eu\/index.php?rest_route=%2Fwp%2Fv2%2Fcomments&post=386"}],"version-history":[{"count":2,"href":"https:\/\/biuro-mk.eu\/index.php?rest_route=\/wp\/v2\/pages\/386\/revisions"}],"predecessor-version":[{"id":465,"href":"https:\/\/biuro-mk.eu\/index.php?rest_route=\/wp\/v2\/pages\/386\/revisions\/465"}],"wp:attachment":[{"href":"https:\/\/biuro-mk.eu\/index.php?rest_route=%2Fwp%2Fv2%2Fmedia&parent=386"}],"curies":[{"name":"wp","href":"https:\/\/api.w.org\/{rel}","templated":true}]}}