{"id":35,"date":"2020-06-30T12:48:47","date_gmt":"2020-06-30T10:48:47","guid":{"rendered":"http:\/autoinstalator\/wordpress\/biuro-mk.eu\/?page_id=35"},"modified":"2022-08-08T11:21:49","modified_gmt":"2022-08-08T09:21:49","slug":"o-nas","status":"publish","type":"page","link":"https:\/\/biuro-mk.eu\/?page_id=35","title":{"rendered":"Z_O nas"},"content":{"rendered":"<p><center style=\"background-color: #228b22; color: #ffffff;\"><a href=\"http:\/autoinstalator\/wordpress\/biuro-mk.eu\/wp-content\/uploads\/2018\/Sliders05_Wykwali_300x150.png\"><img decoding=\"async\" style=\"border: 0px solid; width: 600px; height: 300px;\" title=\"O nas\" src=\"http:\/autoinstalator\/wordpress\/biuro-mk.eu\/wp-content\/uploads\/2018\/Sliders05_Wykwali_300x150.png\" alt=\"\"><\/a><\/center><\/p>\n<p style=\"text-align: center; background-color: #228b22;\"><strong>Pracownicy Biura Rachunkowego \u201eMK\u201d<br \/>\ntworz\u0105 wykwalifikowany i do\u015bwiadczony zesp\u00f3\u0142!<\/strong><\/p>\n<div style=\"text-align: center;\"><span style=\"color: #ffffff;\">&nbsp;<\/span><\/div>\n<table style=\"color: #ffffff; text-align: left; background-color: #228b22; width: 100%;\" border=\"0\" cellspacing=\"0\" cellpadding=\"0\">\n<tbody>\n<tr>\n<td style=\"text-align: center; background-color: #228b22;\"><img decoding=\"async\" style=\"border: 2px solid; width: 110px; height: 140px;\" src=\"http:\/autoinstalator\/wordpress\/biuro-mk.eu\/wp-content\/uploads\/2018\/Marta_Kluzek.png\" alt=\"Marta\" align=\"top\" hspace=\"2\" vspace=\"2\"><\/td>\n<td style=\"text-align: center; vertical-align: bottom; background-color: #228b22;\">Doktor habilitowany nauk ekonomicznych w dyscyplinie finanse. Pracownik Katedry Inwestycji i Rynk\u00f3w Kapita\u0142owych Uniwersytetu Ekonomicznego w Poznaniu. Doradca podatkowy \u2013 wpis nr 12141, \u015bwiadectwo kwalifikacyjne Ministra Finans\u00f3w nr 3118\/97.<br \/>\nAutorka licznych publikacji dotycz\u0105cych g\u0142\u00f3wnie opodatkowania. Prowadzi \u0107wiczenia, wyk\u0142ady, seminaria magisterskie i doktoranckie, realizowane na studiach stacjonarnych, niestacjonarnych, podyplomowych, doktoranckich i MBA, w tym z opodatkowania dla specjalno\u015bci ACCA.<\/td>\n<\/tr>\n<tr>\n<td style=\"text-align: center; background-color: #228b22;\">dr hab. Marta Kluzek,<br \/>\nprof. UEP<br \/>\ntel. 602155660<br \/>\nm.kluzek@biuro-mk.pl<\/td>\n<td style=\"text-align: center; vertical-align: top; background-color: #228b22;\">Recenzentka artyku\u0142\u00f3w naukowych dla Journal of Business Economics and Management i Journal of Organizational Change Management oraz artyku\u0142\u00f3w i monografii w j\u0119zyku polskim.<br \/>\nWsp\u00f3\u0142pracuje jako ekspert z Agencj\u0105 Wykonawcz\u0105 ds. Bada\u0144 Naukowych Komisji Europejskiej.<\/td>\n<\/tr>\n<\/tbody>\n<\/table>\n<div style=\"text-align: center;\"><\/div>\n","protected":false},"excerpt":{"rendered":"<p>Pracownicy Biura Rachunkowego \u201eMK\u201d tworz\u0105 wykwalifikowany i do\u015bwiadczony zesp\u00f3\u0142! &nbsp; Doktor habilitowany nauk ekonomicznych w dyscyplinie finanse. Pracownik Katedry Inwestycji i Rynk\u00f3w Kapita\u0142owych Uniwersytetu Ekonomicznego w Poznaniu. Doradca podatkowy \u2013 &#8230;<\/p>\n","protected":false},"author":1,"featured_media":0,"parent":0,"menu_order":0,"comment_status":"closed","ping_status":"closed","template":"","meta":{"footnotes":""},"class_list":["post-35","page","type-page","status-publish","hentry"],"_links":{"self":[{"href":"https:\/\/biuro-mk.eu\/index.php?rest_route=\/wp\/v2\/pages\/35","targetHints":{"allow":["GET"]}}],"collection":[{"href":"https:\/\/biuro-mk.eu\/index.php?rest_route=\/wp\/v2\/pages"}],"about":[{"href":"https:\/\/biuro-mk.eu\/index.php?rest_route=\/wp\/v2\/types\/page"}],"author":[{"embeddable":true,"href":"https:\/\/biuro-mk.eu\/index.php?rest_route=\/wp\/v2\/users\/1"}],"replies":[{"embeddable":true,"href":"https:\/\/biuro-mk.eu\/index.php?rest_route=%2Fwp%2Fv2%2Fcomments&post=35"}],"version-history":[{"count":53,"href":"https:\/\/biuro-mk.eu\/index.php?rest_route=\/wp\/v2\/pages\/35\/revisions"}],"predecessor-version":[{"id":363,"href":"https:\/\/biuro-mk.eu\/index.php?rest_route=\/wp\/v2\/pages\/35\/revisions\/363"}],"wp:attachment":[{"href":"https:\/\/biuro-mk.eu\/index.php?rest_route=%2Fwp%2Fv2%2Fmedia&parent=35"}],"curies":[{"name":"wp","href":"https:\/\/api.w.org\/{rel}","templated":true}]}}